{"id":3,"date":"2023-10-26T13:17:28","date_gmt":"2023-10-26T11:17:28","guid":{"rendered":"https:\/\/aristodeseedco.fr\/?page_id=3"},"modified":"2023-11-10T16:50:52","modified_gmt":"2023-11-10T15:50:52","slug":"politique-de-confidentialite","status":"publish","type":"page","link":"https:\/\/aristodeseedco.fr\/index.php\/politique-de-confidentialite\/","title":{"rendered":"Politique de confidentialit\u00e9"},"content":{"rendered":"\t\t<div data-elementor-type=\"wp-page\" data-elementor-id=\"3\" class=\"elementor elementor-3\">\n\t\t\t\t<div class=\"elementor-element elementor-element-311048f3 e-flex e-con-boxed e-con e-parent\" data-id=\"311048f3\" data-element_type=\"container\" data-e-type=\"container\">\n\t\t\t\t\t<div class=\"e-con-inner\">\n\t\t\t\t<div class=\"elementor-element elementor-element-663ba5dc elementor-widget elementor-widget-text-editor\" data-id=\"663ba5dc\" data-element_type=\"widget\" data-e-type=\"widget\" data-widget_type=\"text-editor.default\">\n\t\t\t\t<div class=\"elementor-widget-container\">\n\t\t\t\t\t\t\t\t\t<div class=\"wp-block-column is-layout-flow\"><p><span style=\"text-decoration: underline;\"><strong>Politique de confidentialit\u00e9 de Aristode Seed co<\/strong><\/span><\/p><p>Aristode seed co vous remercie pour la confiance que vous nous accordez et nous nous engageons \u00e0 traiter vos donn\u00e9es personnelles avec soin. Nous utilisons vos donn\u00e9es pour traiter la commande aussi rapidement et facilement que possible.<\/p><p><strong><span style=\"text-decoration: underline;\">Aristode Seed Co utilise les donn\u00e9es collect\u00e9es pour fournir \u00e0 ses clients les services suivants<\/span> :<\/strong><\/p><ul><li>Si vous passez une commande, nous avons besoin de votre nom, de votre adresse e-mail, de votre adresse de livraison et de vos informations de paiement pour traiter votre commande et vous tenir inform\u00e9 de son \u00e9volution.<\/li><li>Avec votre autorisation, nous utilisons vos donn\u00e9es pour vous informer des offres sp\u00e9ciales et des promotions. Si vous n&#8217;appr\u00e9ciez plus cela, vous pouvez nous le faire savoir en envoyant un email \u00e0 contact@aristodeseedco.fr.<\/li><li>Si vous cr\u00e9ez un compte chez Aristode Seed Co, nous stockerons vos donn\u00e9es sur un serveur s\u00e9curis\u00e9. Dans votre compte, nous stockons des informations telles que votre nom et votre adresse, votre num\u00e9ro de t\u00e9l\u00e9phone, votre adresse e-mail, vos d\u00e9tails de livraison et de paiement, afin que vous n&#8217;ayez pas \u00e0 les saisir \u00e0 chaque nouvelle commande.<\/li><li>Lorsque vous r\u00e9digez un avis, vous pouvez choisir d&#8217;ajouter votre nom ou d&#8217;autres informations personnelles.\u00a0Nous sommes curieux de conna\u00eetre l&#8217;avis de nos visiteurs, mais nous nous r\u00e9servons le droit de ne pas publier de contributions qui ne r\u00e9pondent pas aux conditions de notre site.<\/li><\/ul><\/div><div class=\"wp-block-column is-layout-flow\"><p><span style=\"text-decoration: underline;\"><strong>Aristode Seed Co ne vendra pas vos informations<\/strong><\/span><\/p><p>Aristode Seed Co ne vendra pas d&#8217;informations personnelles \u00e0 des tiers et les mettra uniquement \u00e0 la disposition des tiers impliqu\u00e9s dans le traitement de la commande. Nos employ\u00e9s et les tiers engag\u00e9s par nous sont tenus de respecter la confidentialit\u00e9 de vos donn\u00e9es.<\/p><p><span style=\"text-decoration: underline;\"><strong>Vos informations personnelles sont en s\u00e9curit\u00e9 avec Aristode Seed Co<\/strong><\/span><\/p><p>Nous appr\u00e9cions la confiance que vous nous accordez et nous traiterons donc vos donn\u00e9es avec le plus grand soin. Lorsque vous passez une commande ou consultez votre compte Aristode Seed Co, une des techniques les plus modernes est utilis\u00e9e ; la couche de socket s\u00e9curis\u00e9. Vos donn\u00e9es seront prot\u00e9g\u00e9es et trait\u00e9es de mani\u00e8re confidentielle \u00e0 tout moment.<\/p><p>Si vous avez des questions sur la politique de confidentialit\u00e9 de Aristode Seed Co, vous pouvez envoyer un e-mail \u00e0 contact@aristodeseedco.fr<a href=\"mailto:info@aristodeseedco.store\">.<\/a><br \/>Notre service client vous aidera si vous avez besoin d&#8217;informations sur vos donn\u00e9es ou si vous souhaitez les modifier.\u00a0Vous avez express\u00e9ment le droit de rectifier vos donn\u00e9es.\u00a0En cas de modification de notre politique de confidentialit\u00e9, vous trouverez toujours les informations les plus r\u00e9centes sur cette page.<\/p><p><strong><span style=\"text-decoration: underline;\">Si vous avez des questions, n&#8217;h\u00e9sitez pas \u00e0\u00a0<a title=\"https:\/\/karmagenetics.shop\/?page_id=459&amp;preview=true\" href=\"https:\/\/aristodeseedco.fr\/index.php\/contact\/\">nous contacter<\/a><\/span>\u00a0!<\/strong><\/p><\/div>\t\t\t\t\t\t\t\t<\/div>\n\t\t\t\t<\/div>\n\t\t\t\t\t<\/div>\n\t\t\t\t<\/div>\n\t\t\t\t<\/div>\n\t\t","protected":false},"excerpt":{"rendered":"<p>Politique de confidentialit\u00e9 de Aristode Seed co Aristode seed co vous remercie pour la confiance que vous nous accordez et nous nous engageons \u00e0 traiter vos donn\u00e9es personnelles avec soin. Nous utilisons vos donn\u00e9es pour traiter la commande aussi rapidement et facilement que possible. Aristode Seed Co utilise les donn\u00e9es collect\u00e9es pour fournir \u00e0 ses [&hellip;]<\/p>\n","protected":false},"author":1,"featured_media":0,"parent":0,"menu_order":0,"comment_status":"closed","ping_status":"open","template":"","meta":{"site-sidebar-layout":"default","site-content-layout":"","ast-site-content-layout":"default","site-content-style":"default","site-sidebar-style":"default","ast-global-header-display":"","ast-banner-title-visibility":"","ast-main-header-display":"","ast-hfb-above-header-display":"","ast-hfb-below-header-display":"","ast-hfb-mobile-header-display":"","site-post-title":"","ast-breadcrumbs-content":"","ast-featured-img":"","footer-sml-layout":"","ast-disable-related-posts":"","theme-transparent-header-meta":"","adv-header-id-meta":"","stick-header-meta":"","header-above-stick-meta":"","header-main-stick-meta":"","header-below-stick-meta":"","astra-migrate-meta-layouts":"default","ast-page-background-enabled":"default","ast-page-background-meta":{"desktop":{"background-color":"","background-image":"","background-repeat":"repeat","background-position":"center center","background-size":"auto","background-attachment":"scroll","background-type":"","background-media":"","overlay-type":"","overlay-color":"","overlay-opacity":"","overlay-gradient":""},"tablet":{"background-color":"","background-image":"","background-repeat":"repeat","background-position":"center center","background-size":"auto","background-attachment":"scroll","background-type":"","background-media":"","overlay-type":"","overlay-color":"","overlay-opacity":"","overlay-gradient":""},"mobile":{"background-color":"","background-image":"","background-repeat":"repeat","background-position":"center center","background-size":"auto","background-attachment":"scroll","background-type":"","background-media":"","overlay-type":"","overlay-color":"","overlay-opacity":"","overlay-gradient":""}},"ast-content-background-meta":{"desktop":{"background-color":"var(--ast-global-color-5)","background-image":"","background-repeat":"repeat","background-position":"center center","background-size":"auto","background-attachment":"scroll","background-type":"","background-media":"","overlay-type":"","overlay-color":"","overlay-opacity":"","overlay-gradient":""},"tablet":{"background-color":"var(--ast-global-color-5)","background-image":"","background-repeat":"repeat","background-position":"center center","background-size":"auto","background-attachment":"scroll","background-type":"","background-media":"","overlay-type":"","overlay-color":"","overlay-opacity":"","overlay-gradient":""},"mobile":{"background-color":"var(--ast-global-color-5)","background-image":"","background-repeat":"repeat","background-position":"center center","background-size":"auto","background-attachment":"scroll","background-type":"","background-media":"","overlay-type":"","overlay-color":"","overlay-opacity":"","overlay-gradient":""}},"footnotes":""},"class_list":["post-3","page","type-page","status-publish","hentry"],"_links":{"self":[{"href":"https:\/\/aristodeseedco.fr\/index.php\/wp-json\/wp\/v2\/pages\/3","targetHints":{"allow":["GET"]}}],"collection":[{"href":"https:\/\/aristodeseedco.fr\/index.php\/wp-json\/wp\/v2\/pages"}],"about":[{"href":"https:\/\/aristodeseedco.fr\/index.php\/wp-json\/wp\/v2\/types\/page"}],"author":[{"embeddable":true,"href":"https:\/\/aristodeseedco.fr\/index.php\/wp-json\/wp\/v2\/users\/1"}],"replies":[{"embeddable":true,"href":"https:\/\/aristodeseedco.fr\/index.php\/wp-json\/wp\/v2\/comments?post=3"}],"version-history":[{"count":33,"href":"https:\/\/aristodeseedco.fr\/index.php\/wp-json\/wp\/v2\/pages\/3\/revisions"}],"predecessor-version":[{"id":6637,"href":"https:\/\/aristodeseedco.fr\/index.php\/wp-json\/wp\/v2\/pages\/3\/revisions\/6637"}],"wp:attachment":[{"href":"https:\/\/aristodeseedco.fr\/index.php\/wp-json\/wp\/v2\/media?parent=3"}],"curies":[{"name":"wp","href":"https:\/\/api.w.org\/{rel}","templated":true}]}}