{"id":6638,"date":"2023-11-10T17:01:29","date_gmt":"2023-11-10T16:01:29","guid":{"rendered":"https:\/\/aristodeseedco.fr\/?page_id=6638"},"modified":"2023-11-10T19:16:30","modified_gmt":"2023-11-10T18:16:30","slug":"livraison","status":"publish","type":"page","link":"https:\/\/aristodeseedco.fr\/index.php\/livraison\/","title":{"rendered":"Livraison"},"content":{"rendered":"\t\t<div data-elementor-type=\"wp-page\" data-elementor-id=\"6638\" class=\"elementor elementor-6638\">\n\t\t\t\t<div class=\"elementor-element elementor-element-19ca9c7 e-flex e-con-boxed e-con e-parent\" data-id=\"19ca9c7\" data-element_type=\"container\" data-e-type=\"container\" data-settings=\"{&quot;background_background&quot;:&quot;classic&quot;}\">\n\t\t\t\t\t<div class=\"e-con-inner\">\n\t\t\t\t<div class=\"elementor-element elementor-element-80297fb animated-slow elementor-invisible elementor-widget elementor-widget-heading\" data-id=\"80297fb\" data-element_type=\"widget\" data-e-type=\"widget\" data-settings=\"{&quot;_animation&quot;:&quot;fadeIn&quot;}\" data-widget_type=\"heading.default\">\n\t\t\t\t<div class=\"elementor-widget-container\">\n\t\t\t\t\t<h2 class=\"elementor-heading-title elementor-size-default\">Livraison<\/h2>\t\t\t\t<\/div>\n\t\t\t\t<\/div>\n\t\t\t\t\t<\/div>\n\t\t\t\t<\/div>\n\t\t<div class=\"elementor-element elementor-element-21e20fb e-flex e-con-boxed e-con e-parent\" data-id=\"21e20fb\" data-element_type=\"container\" data-e-type=\"container\">\n\t\t\t\t\t<div class=\"e-con-inner\">\n\t\t\t\t<div class=\"elementor-element elementor-element-1550938 elementor-widget elementor-widget-heading\" data-id=\"1550938\" data-element_type=\"widget\" data-e-type=\"widget\" data-widget_type=\"heading.default\">\n\t\t\t\t<div class=\"elementor-widget-container\">\n\t\t\t\t\t<h2 class=\"elementor-heading-title elementor-size-default\">Emballage<\/h2>\t\t\t\t<\/div>\n\t\t\t\t<\/div>\n\t\t\t\t<div class=\"elementor-element elementor-element-5a514be elementor-widget elementor-widget-text-editor\" data-id=\"5a514be\" data-element_type=\"widget\" data-e-type=\"widget\" data-widget_type=\"text-editor.default\">\n\t\t\t\t<div class=\"elementor-widget-container\">\n\t\t\t\t\t\t\t\t\t<ul><li>Aristode Seed Co exp\u00e9die \u00e0 l&#8217;adresse de livraison aussi discr\u00e8tement que possible.<\/li><li>Les produits sont emball\u00e9s uniquement dans des cartons et\/ou des enveloppes de couleur neutre.\u00a0<\/li><li>Les bo\u00eetes et enveloppes ne portent bien entendu aucun logo de Aristode Seed Co.<\/li><li>Aristode Seed Co transmet les colis aux services postaux Colissimo La Poste .<\/li><\/ul>\t\t\t\t\t\t\t\t<\/div>\n\t\t\t\t<\/div>\n\t\t\t\t<div class=\"elementor-element elementor-element-5f0df80 elementor-widget elementor-widget-heading\" data-id=\"5f0df80\" data-element_type=\"widget\" data-e-type=\"widget\" data-widget_type=\"heading.default\">\n\t\t\t\t<div class=\"elementor-widget-container\">\n\t\t\t\t\t<h2 class=\"elementor-heading-title elementor-size-default\">Suivi de votre commande<\/h2>\t\t\t\t<\/div>\n\t\t\t\t<\/div>\n\t\t\t\t<div class=\"elementor-element elementor-element-89a9d0c elementor-widget elementor-widget-text-editor\" data-id=\"89a9d0c\" data-element_type=\"widget\" data-e-type=\"widget\" data-widget_type=\"text-editor.default\">\n\t\t\t\t<div class=\"elementor-widget-container\">\n\t\t\t\t\t\t\t\t\t<ul><li>Le statut de votre commande est affich\u00e9 dans votre compte.\u00a0<\/li><li>Nos commandes sont livr\u00e9es par Colissimo. Si, en raison de ses dimensions, un envoi ne rentre pas dans une bo\u00eete aux lettres standard ou s&#8217;il repr\u00e9sente une valeur consid\u00e9rable, l&#8217;envoi est envoy\u00e9 par colis postal.<\/li><li>Les colis sont g\u00e9n\u00e9ralement livr\u00e9s plus tard dans la journ\u00e9e que pour la poste en bo\u00eete aux lettres.<\/li><\/ul>\t\t\t\t\t\t\t\t<\/div>\n\t\t\t\t<\/div>\n\t\t\t\t<div class=\"elementor-element elementor-element-46cc572 elementor-widget elementor-widget-heading\" data-id=\"46cc572\" data-element_type=\"widget\" data-e-type=\"widget\" data-widget_type=\"heading.default\">\n\t\t\t\t<div class=\"elementor-widget-container\">\n\t\t\t\t\t<h2 class=\"elementor-heading-title elementor-size-default\">D\u00e9lais de Livraison<\/h2>\t\t\t\t<\/div>\n\t\t\t\t<\/div>\n\t\t\t\t<div class=\"elementor-element elementor-element-ca7399b elementor-widget elementor-widget-text-editor\" data-id=\"ca7399b\" data-element_type=\"widget\" data-e-type=\"widget\" data-widget_type=\"text-editor.default\">\n\t\t\t\t<div class=\"elementor-widget-container\">\n\t\t\t\t\t\t\t\t\t<ul><li>Notre \u00e9quipe traitera votre commande sous 24 \u00e0 48h \u00e0 la suite de la confirmation de celle-ci.<\/li><li>Les commandes re\u00e7ues apr\u00e8s 17 h seront trait\u00e9es le jour ouvrable suivant. Nous exp\u00e9dions g\u00e9n\u00e9ralement par Colissimo et n\u2019assurons aucune livraison pendant les jours f\u00e9ri\u00e9s.<\/li><li>Une fois trait\u00e9es, les commandes exp\u00e9di\u00e9es en Europe sont g\u00e9n\u00e9ralement livr\u00e9es sous 3 \u00e0 7 jours ouvrables. Les commandes exp\u00e9di\u00e9es \u00e0 l\u2019international sont g\u00e9n\u00e9ralement livr\u00e9es sous 14 jours ouvrables.<\/li><\/ul><p class=\"\">[IMPORTANT] En cas de retard dans le traitement de votre commande, veuillez v\u00e9rifier les informations de suivi fournies dans l\u2019e-mail de confirmation de commande.<\/p><p class=\"\"><strong><span style=\"text-decoration: underline;\"> Aristode Seed Co ne peut \u00eatre tenu responsable des retards au niveau du transporteur ou des douanes.<\/span><\/strong><\/p>\t\t\t\t\t\t\t\t<\/div>\n\t\t\t\t<\/div>\n\t\t\t\t<div class=\"elementor-element elementor-element-edef869 elementor-widget elementor-widget-heading\" data-id=\"edef869\" data-element_type=\"widget\" data-e-type=\"widget\" data-widget_type=\"heading.default\">\n\t\t\t\t<div class=\"elementor-widget-container\">\n\t\t\t\t\t<h2 class=\"elementor-heading-title elementor-size-default\">Frais d'exp\u00e9dition <\/h2>\t\t\t\t<\/div>\n\t\t\t\t<\/div>\n\t\t\t\t<div class=\"elementor-element elementor-element-71c8cac elementor-widget elementor-widget-text-editor\" data-id=\"71c8cac\" data-element_type=\"widget\" data-e-type=\"widget\" data-widget_type=\"text-editor.default\">\n\t\t\t\t<div class=\"elementor-widget-container\">\n\t\t\t\t\t\t\t\t\t<ul><li>France M\u00e9tropolitaine, Monaco, Andorre : 7,00\u20ac<\/li><li>Outre-Mer (Guadeloupe, Martinique, Guyane, La R\u00e9union, Mayotte, Saint-Pierre-et-Miquelon, Saint-Martin, Saint-Barth\u00e9lemy) : 15,00\u20ac<\/li><li>Europe, Suisse, Royaume-Uni : 15\u20ac<\/li><li>International (Europe de l\u2019Est (hors UE, Suisse et Russie), Norv\u00e8ge et Maghreb) + autres destinations (hors UE et Suisse): 22,00\u20ac<\/li><li>Pays d\u2019Afrique (hors Maghreb), Canada, Etats-Unis, Russie, Proche et Moyen-Orient : 32.00\u20ac<\/li><\/ul>\t\t\t\t\t\t\t\t<\/div>\n\t\t\t\t<\/div>\n\t\t\t\t\t<\/div>\n\t\t\t\t<\/div>\n\t\t\t\t<\/div>\n\t\t","protected":false},"excerpt":{"rendered":"<p>Livraison Emballage Aristode Seed Co exp\u00e9die \u00e0 l&#8217;adresse de livraison aussi discr\u00e8tement que possible. Les produits sont emball\u00e9s uniquement dans des cartons et\/ou des enveloppes de couleur neutre.\u00a0 Les bo\u00eetes et enveloppes ne portent bien entendu aucun logo de Aristode Seed Co. Aristode Seed Co transmet les colis aux services postaux Colissimo La Poste . [&hellip;]<\/p>\n","protected":false},"author":1,"featured_media":0,"parent":0,"menu_order":0,"comment_status":"closed","ping_status":"closed","template":"","meta":{"site-sidebar-layout":"no-sidebar","site-content-layout":"page-builder","ast-site-content-layout":"full-width-container","site-content-style":"default","site-sidebar-style":"default","ast-global-header-display":"","ast-banner-title-visibility":"","ast-main-header-display":"","ast-hfb-above-header-display":"","ast-hfb-below-header-display":"","ast-hfb-mobile-header-display":"","site-post-title":"disabled","ast-breadcrumbs-content":"","ast-featured-img":"disabled","footer-sml-layout":"","ast-disable-related-posts":"","theme-transparent-header-meta":"","adv-header-id-meta":"","stick-header-meta":"","header-above-stick-meta":"","header-main-stick-meta":"","header-below-stick-meta":"","astra-migrate-meta-layouts":"set","ast-page-background-enabled":"default","ast-page-background-meta":{"desktop":{"background-color":"","background-image":"","background-repeat":"repeat","background-position":"center center","background-size":"auto","background-attachment":"scroll","background-type":"","background-media":"","overlay-type":"","overlay-color":"","overlay-opacity":"","overlay-gradient":""},"tablet":{"background-color":"","background-image":"","background-repeat":"repeat","background-position":"center center","background-size":"auto","background-attachment":"scroll","background-type":"","background-media":"","overlay-type":"","overlay-color":"","overlay-opacity":"","overlay-gradient":""},"mobile":{"background-color":"","background-image":"","background-repeat":"repeat","background-position":"center center","background-size":"auto","background-attachment":"scroll","background-type":"","background-media":"","overlay-type":"","overlay-color":"","overlay-opacity":"","overlay-gradient":""}},"ast-content-background-meta":{"desktop":{"background-color":"var(--ast-global-color-5)","background-image":"","background-repeat":"repeat","background-position":"center center","background-size":"auto","background-attachment":"scroll","background-type":"","background-media":"","overlay-type":"","overlay-color":"","overlay-opacity":"","overlay-gradient":""},"tablet":{"background-color":"var(--ast-global-color-5)","background-image":"","background-repeat":"repeat","background-position":"center center","background-size":"auto","background-attachment":"scroll","background-type":"","background-media":"","overlay-type":"","overlay-color":"","overlay-opacity":"","overlay-gradient":""},"mobile":{"background-color":"var(--ast-global-color-5)","background-image":"","background-repeat":"repeat","background-position":"center center","background-size":"auto","background-attachment":"scroll","background-type":"","background-media":"","overlay-type":"","overlay-color":"","overlay-opacity":"","overlay-gradient":""}},"footnotes":""},"class_list":["post-6638","page","type-page","status-publish","hentry"],"_links":{"self":[{"href":"https:\/\/aristodeseedco.fr\/index.php\/wp-json\/wp\/v2\/pages\/6638","targetHints":{"allow":["GET"]}}],"collection":[{"href":"https:\/\/aristodeseedco.fr\/index.php\/wp-json\/wp\/v2\/pages"}],"about":[{"href":"https:\/\/aristodeseedco.fr\/index.php\/wp-json\/wp\/v2\/types\/page"}],"author":[{"embeddable":true,"href":"https:\/\/aristodeseedco.fr\/index.php\/wp-json\/wp\/v2\/users\/1"}],"replies":[{"embeddable":true,"href":"https:\/\/aristodeseedco.fr\/index.php\/wp-json\/wp\/v2\/comments?post=6638"}],"version-history":[{"count":22,"href":"https:\/\/aristodeseedco.fr\/index.php\/wp-json\/wp\/v2\/pages\/6638\/revisions"}],"predecessor-version":[{"id":6665,"href":"https:\/\/aristodeseedco.fr\/index.php\/wp-json\/wp\/v2\/pages\/6638\/revisions\/6665"}],"wp:attachment":[{"href":"https:\/\/aristodeseedco.fr\/index.php\/wp-json\/wp\/v2\/media?parent=6638"}],"curies":[{"name":"wp","href":"https:\/\/api.w.org\/{rel}","templated":true}]}}