{"id":7835,"date":"2024-02-01T00:41:39","date_gmt":"2024-01-31T23:41:39","guid":{"rendered":"https:\/\/aristodeseedco.fr\/?post_type=product&#038;p=7835"},"modified":"2024-08-21T17:11:38","modified_gmt":"2024-08-21T15:11:38","slug":"livre","status":"publish","type":"product","link":"https:\/\/aristodeseedco.fr\/index.php\/produit\/livre\/","title":{"rendered":"Calendrier &#038; Rapport de culture [premi\u00e8re \u00e9dition] 2024."},"content":{"rendered":"","protected":false},"excerpt":{"rendered":"<p><span class=\"OYPEnA text-decoration-none text-strikethrough-none\"><span style=\"vertical-align: inherit;\"><span style=\"vertical-align: inherit;\">Le enfin voici, <\/span><\/span><\/span><span class=\"OYPEnA text-decoration-none text-strikethrough-none\"><span style=\"vertical-align: inherit;\"><span style=\"vertical-align: inherit;\">Aristode Original\u00ae <\/span><\/span><\/span><span class=\"OYPEnA text-decoration-none text-strikethrough-none\"><span style=\"vertical-align: inherit;\"><span style=\"vertical-align: inherit;\">vous pr\u00e9sente le tout premier <\/span><\/span><\/span><span class=\"OYPEnA text-decoration-none text-strikethrough-none\"><span style=\"vertical-align: inherit;\"><span style=\"vertical-align: inherit;\">calendrier <\/span><\/span><\/span> <span class=\"OYPEnA text-decoration-none text-strikethrough-none\"><span style=\"vertical-align: inherit;\"><span style=\"vertical-align: inherit;\">&amp; <\/span><\/span><\/span> <span class=\"OYPEnA text-decoration-none text-strikethrough-none\"><span style=\"vertical-align: inherit;\"><span style=\"vertical-align: inherit;\">rapport <\/span><\/span><\/span> <span class=\"OYPEnA text-decoration-none text-strikethrough-none\"><span style=\"vertical-align: inherit;\"><span style=\"vertical-align: inherit;\">De Culture <\/span><\/span><\/span><span class=\"OYPEnA text-decoration-none text-strikethrough-none\"><span style=\"vertical-align: inherit;\"><span style=\"vertical-align: inherit;\">mis \u00e0 disposition pour la communaut\u00e9.<\/span><\/span><\/span><\/p>\n<p class=\"cvGsUA direction-ltr align-center para-style-body\"><span class=\"OYPEnA text-decoration-none text-strikethrough-none\"><span style=\"vertical-align: inherit;\"><span style=\"vertical-align: inherit;\">La partie <\/span><\/span><\/span><span class=\"OYPEnA text-decoration-none text-strikethrough-none\"><span style=\"vertical-align: inherit;\"><span style=\"vertical-align: inherit;\">calendrier <\/span><\/span><\/span><span class=\"OYPEnA text-decoration-none text-strikethrough-none\"><span style=\"vertical-align: inherit;\"><span style=\"vertical-align: inherit;\">est bas\u00e9e sur le savoir astronomique et ancestral de l&#8217;influence du d\u00e9placement de la lune sur la flore, \u00e9tudi\u00e9 depuis le XVIIe si\u00e8cle.<\/span><\/span><\/span><\/p>\n<p class=\"cvGsUA direction-ltr align-center para-style-body\"><span class=\"OYPEnA text-decoration-none text-strikethrough-none\"><span style=\"vertical-align: inherit;\"><span style=\"vertical-align: inherit;\">Quant \u00e0 la partie <\/span><\/span><\/span><span class=\"OYPEnA text-decoration-none text-strikethrough-none\"><span style=\"vertical-align: inherit;\"><span style=\"vertical-align: inherit;\">rapport de Culture <\/span><\/span><\/span><span class=\"OYPEnA text-decoration-none text-strikethrough-none\"><span style=\"vertical-align: inherit;\"><span style=\"vertical-align: inherit;\">elle a \u00e9t\u00e9 \u00e9tudi\u00e9e de tr\u00e8s pr\u00e8s par <\/span><\/span><\/span><span class=\"OYPEnA text-decoration-none text-strikethrough-none\"><span style=\"vertical-align: inherit;\"><span style=\"vertical-align: inherit;\">Aristode <\/span><\/span><\/span><span class=\"OYPEnA text-decoration-none text-strikethrough-none\"><span style=\"vertical-align: inherit;\"><span style=\"vertical-align: inherit;\">Fondateur de la banque de graines <\/span><\/span><\/span><span class=\"OYPEnA text-decoration-none text-strikethrough-none\"><span style=\"vertical-align: inherit;\"><span style=\"vertical-align: inherit;\">Aristode Seed Co <\/span><\/span><\/span><span class=\"OYPEnA text-decoration-none text-strikethrough-none\"><span style=\"vertical-align: inherit;\"><span style=\"vertical-align: inherit;\">\u00e0 partir d&#8217;une d\u00e9cennie d&#8217;exp\u00e9rience.<\/span><\/span><\/span><\/p>\n","protected":false},"featured_media":7848,"comment_status":"open","ping_status":"closed","template":"","meta":{"site-sidebar-layout":"default","site-content-layout":"","ast-site-content-layout":"default","site-content-style":"default","site-sidebar-style":"default","ast-global-header-display":"","ast-banner-title-visibility":"","ast-main-header-display":"","ast-hfb-above-header-display":"","ast-hfb-below-header-display":"","ast-hfb-mobile-header-display":"","site-post-title":"","ast-breadcrumbs-content":"","ast-featured-img":"","footer-sml-layout":"","ast-disable-related-posts":"","theme-transparent-header-meta":"default","adv-header-id-meta":"","stick-header-meta":"","header-above-stick-meta":"","header-main-stick-meta":"","header-below-stick-meta":"","astra-migrate-meta-layouts":"set","ast-page-background-enabled":"default","ast-page-background-meta":{"desktop":{"background-color":"","background-image":"","background-repeat":"repeat","background-position":"center center","background-size":"auto","background-attachment":"scroll","background-type":"","background-media":"","overlay-type":"","overlay-color":"","overlay-opacity":"","overlay-gradient":""},"tablet":{"background-color":"","background-image":"","background-repeat":"repeat","background-position":"center center","background-size":"auto","background-attachment":"scroll","background-type":"","background-media":"","overlay-type":"","overlay-color":"","overlay-opacity":"","overlay-gradient":""},"mobile":{"background-color":"","background-image":"","background-repeat":"repeat","background-position":"center center","background-size":"auto","background-attachment":"scroll","background-type":"","background-media":"","overlay-type":"","overlay-color":"","overlay-opacity":"","overlay-gradient":""}},"ast-content-background-meta":{"desktop":{"background-color":"var(--ast-global-color-5)","background-image":"","background-repeat":"repeat","background-position":"center center","background-size":"auto","background-attachment":"scroll","background-type":"","background-media":"","overlay-type":"","overlay-color":"","overlay-opacity":"","overlay-gradient":""},"tablet":{"background-color":"var(--ast-global-color-5)","background-image":"","background-repeat":"repeat","background-position":"center center","background-size":"auto","background-attachment":"scroll","background-type":"","background-media":"","overlay-type":"","overlay-color":"","overlay-opacity":"","overlay-gradient":""},"mobile":{"background-color":"var(--ast-global-color-5)","background-image":"","background-repeat":"repeat","background-position":"center center","background-size":"auto","background-attachment":"scroll","background-type":"","background-media":"","overlay-type":"","overlay-color":"","overlay-opacity":"","overlay-gradient":""}}},"product_brand":[],"product_cat":[65],"product_tag":[],"class_list":{"0":"post-7835","1":"product","2":"type-product","3":"status-publish","4":"has-post-thumbnail","6":"product_cat-livre","7":"desktop-align-left","8":"tablet-align-left","9":"mobile-align-left","11":"first","12":"outofstock","13":"featured","14":"taxable","15":"shipping-taxable","16":"purchasable","17":"product-type-simple"},"_links":{"self":[{"href":"https:\/\/aristodeseedco.fr\/index.php\/wp-json\/wp\/v2\/product\/7835","targetHints":{"allow":["GET"]}}],"collection":[{"href":"https:\/\/aristodeseedco.fr\/index.php\/wp-json\/wp\/v2\/product"}],"about":[{"href":"https:\/\/aristodeseedco.fr\/index.php\/wp-json\/wp\/v2\/types\/product"}],"replies":[{"embeddable":true,"href":"https:\/\/aristodeseedco.fr\/index.php\/wp-json\/wp\/v2\/comments?post=7835"}],"version-history":[{"count":7,"href":"https:\/\/aristodeseedco.fr\/index.php\/wp-json\/wp\/v2\/product\/7835\/revisions"}],"predecessor-version":[{"id":7924,"href":"https:\/\/aristodeseedco.fr\/index.php\/wp-json\/wp\/v2\/product\/7835\/revisions\/7924"}],"wp:featuredmedia":[{"embeddable":true,"href":"https:\/\/aristodeseedco.fr\/index.php\/wp-json\/wp\/v2\/media\/7848"}],"wp:attachment":[{"href":"https:\/\/aristodeseedco.fr\/index.php\/wp-json\/wp\/v2\/media?parent=7835"}],"wp:term":[{"taxonomy":"product_brand","embeddable":true,"href":"https:\/\/aristodeseedco.fr\/index.php\/wp-json\/wp\/v2\/product_brand?post=7835"},{"taxonomy":"product_cat","embeddable":true,"href":"https:\/\/aristodeseedco.fr\/index.php\/wp-json\/wp\/v2\/product_cat?post=7835"},{"taxonomy":"product_tag","embeddable":true,"href":"https:\/\/aristodeseedco.fr\/index.php\/wp-json\/wp\/v2\/product_tag?post=7835"}],"curies":[{"name":"wp","href":"https:\/\/api.w.org\/{rel}","templated":true}]}}