{"id":8452,"date":"2024-08-13T21:25:11","date_gmt":"2024-08-13T19:25:11","guid":{"rendered":"https:\/\/aristodeseedco.fr\/?post_type=product&#038;p=8452"},"modified":"2026-03-05T17:10:13","modified_gmt":"2026-03-05T16:10:13","slug":"derecho-bx1","status":"publish","type":"product","link":"https:\/\/aristodeseedco.fr\/index.php\/produit\/derecho-bx1\/","title":{"rendered":"DERECHO BX1"},"content":{"rendered":"","protected":false},"excerpt":{"rendered":"<p><span style=\"color: #993366;\"><strong>&#8220;PRODUCTION DE GRAINES UNIQUES&#8221;<\/strong><\/span><\/p>\n<p><span style=\"color: #ff6600;\"><em><strong><span style=\"vertical-align: inherit;\"><span style=\"vertical-align: inherit;\"><span style=\"vertical-align: inherit;\"><span style=\"vertical-align: inherit;\">ARISTODE SEED CO<\/span><\/span><\/span><\/span><\/strong><\/em><\/span><\/p>\n<ul>\n<li><span style=\"color: #000000;\"><strong><span style=\"vertical-align: inherit;\"><span style=\"vertical-align: inherit;\"><span style=\"vertical-align: inherit;\"><span style=\"vertical-align: inherit;\"><span style=\"color: #333399;\">Derecho#2 F1<\/span> <span style=\"color: #808000;\">&#8220;R\u00f4ti cut&#8221;<\/span>= (Rosso Corsa#24 F1 <span style=\"color: #808000;\">&#8220;Cl\u00e9mensse cut&#8221;<\/span> x Dracoz#6 F1) \/ <\/span><\/span><\/span><\/span><span style=\"color: #993300;\"><span style=\"vertical-align: inherit;\"><span style=\"vertical-align: inherit;\"><span style=\"vertical-align: inherit;\"><span style=\"vertical-align: inherit;\">Parfums : <\/span><\/span><\/span><\/span><\/span><em><span style=\"vertical-align: inherit;\"><span style=\"vertical-align: inherit;\"><span style=\"vertical-align: inherit;\"><span style=\"vertical-align: inherit;\">Cl\u00e9mentine &amp; orange r\u00f4ti au four, relever par une bonne pinc\u00e9e de<\/span><\/span><\/span><\/span><\/em><\/strong><em><strong><span style=\"vertical-align: inherit;\"><span style=\"vertical-align: inherit;\"><span style=\"vertical-align: inherit;\"><span style=\"vertical-align: inherit;\">\u00a0gaz.<\/span><\/span><\/span><\/span><\/strong><\/em><\/span><\/li>\n<\/ul>\n<p>&nbsp;<\/p>\n<p><span style=\"color: #ff6600;\"><em><strong><span style=\"vertical-align: inherit;\"><span style=\"vertical-align: inherit;\"><span style=\"vertical-align: inherit;\"><span style=\"vertical-align: inherit;\"><span style=\"vertical-align: inherit;\">ARISTODE SEED CO<\/span><\/span><\/span><\/span><\/span><\/strong><\/em><\/span><\/p>\n<ul>\n<li><span style=\"color: #000000;\"><strong><span style=\"color: #333399;\"><span style=\"vertical-align: inherit;\"><span style=\"vertical-align: inherit;\"><span style=\"vertical-align: inherit;\"><span style=\"vertical-align: inherit;\">Derecho#28 F3<\/span><\/span><\/span><\/span><\/span><span style=\"vertical-align: inherit;\"><span style=\"vertical-align: inherit;\"><span style=\"vertical-align: inherit;\"><span style=\"vertical-align: inherit;\"> = (Derecho#5 F2 <span style=\"color: #808000;\">&#8220;Gardien&#8221;<\/span> x Derecho#16 F2 <span style=\"color: #808000;\">&#8220;Chihi cut&#8221;<\/span>) \/ <\/span><\/span><\/span><\/span><span style=\"color: #993300;\"><span style=\"vertical-align: inherit;\"><span style=\"vertical-align: inherit;\"><span style=\"vertical-align: inherit;\"><span style=\"vertical-align: inherit;\">Parfums : <\/span><\/span><\/span><\/span><\/span><span style=\"color: #000000;\"><em><span style=\"vertical-align: inherit;\"><span style=\"vertical-align: inherit;\"><span style=\"vertical-align: inherit;\"><span style=\"vertical-align: inherit;\">Entre le chichi &amp; la p\u00e2tisserie m\u00eal\u00e9e par de la fleur d&#8217;oranger et de l&#8217;essence de peau de cl\u00e9mentine.<\/span><\/span><\/span><\/span><\/em><\/span><\/strong><\/span><\/li>\n<\/ul>\n<p>&nbsp;<\/p>\n<ul>\n<li><span style=\"color: #000000;\"><strong><span style=\"vertical-align: inherit;\"><span style=\"color: #333399;\">Derecho F2<\/span> = (Derecho#19 F1 <span style=\"color: #808000;\">&#8220;Gardien&#8221;<\/span> x Derecho#18 F1) \/ <\/span><span style=\"color: #993300;\"><span style=\"vertical-align: inherit;\">Parfums : <\/span><\/span> <em><span style=\"vertical-align: inherit;\">P\u00e2te \u00e0 chichi frit, beignet, fleur d&#8217;oranger et essence de peau de cl\u00e9mentine.<\/span><\/em><\/strong><\/span><\/li>\n<\/ul>\n<p>&nbsp;<\/p>\n<ul>\n<li><span style=\"color: #000000;\"><strong><span style=\"color: #333399;\"><span style=\"vertical-align: inherit;\">Derecho F1<\/span><\/span><span style=\"vertical-align: inherit;\"> = (Rosso Corsa#24 F1 <span style=\"color: #808000;\">&#8220;Cl\u00e9mensse cut&#8221;<\/span> x Draco#6 F1) \/ <\/span><span style=\"color: #993300;\"><span style=\"vertical-align: inherit;\">Parfums : <\/span><\/span> <em><span style=\"vertical-align: inherit;\">Essence brute de peau de cl\u00e9mentine<\/span><\/em><\/strong><em><strong><span style=\"vertical-align: inherit;\">.<\/span><\/strong><\/em><\/span><\/li>\n<\/ul>\n<p>&nbsp;<\/p>\n<p><span style=\"color: #333399;\"><strong><span style=\"vertical-align: inherit;\">ORIGINE :<\/span><\/strong><\/span><\/p>\n<p><em><strong><span style=\"color: #ff0000;\"><span style=\"vertical-align: inherit;\">AFICIONADO FRENCH CONNECTION<\/span><\/span><\/strong><\/em><\/p>\n<ul>\n<li><span style=\"color: #000000;\"><strong><span style=\"color: #333399;\"><span style=\"vertical-align: inherit;\">Rosso Corsa<\/span><\/span><span style=\"vertical-align: inherit;\"><span style=\"color: #333399;\"> F1<\/span> = (Cherry Noir#18 F1 x Testarossa F1) \/ <\/span><span style=\"color: #993300;\"><span style=\"vertical-align: inherit;\">Parfums : <\/span><\/span> <em><span style=\"vertical-align: inherit;\">Essence brut de peau de cl\u00e9mentine.<\/span><\/em><\/strong><\/span><\/li>\n<\/ul>\n<p><em><strong><span style=\"color: #ff0000;\"><span style=\"vertical-align: inherit;\">LEO STONE<\/span><\/span><\/strong><\/em><\/p>\n<ul>\n<li><span style=\"color: #000000;\"><strong><span style=\"color: #333399;\"><span style=\"vertical-align: inherit;\">Dracoz F1<\/span><\/span><span style=\"vertical-align: inherit;\"> = Runtz x [Biscotti (Gelato#41 F1 Sherbinskis cut x Gelly F1 Solfire Gardens)] \/ <\/span><span style=\"color: #993300;\"><span style=\"vertical-align: inherit;\">Parfums : <\/span><\/span> <em><span style=\"vertical-align: inherit;\">Gaz, glace, cr\u00e8me, bonbon, aigre, raisin.<\/span><\/em><\/strong><\/span><\/li>\n<\/ul>\n<p>&nbsp;<\/p>\n<p><span style=\"color: #000000;\"><strong><span style=\"vertical-align: inherit;\"><span style=\"color: #993300;\"><span style=\"vertical-align: inherit;\"><span style=\"vertical-align: inherit;\"><span style=\"vertical-align: inherit;\"><span style=\"vertical-align: inherit;\">G\u00e9n\u00e9tique :<\/span><\/span><\/span><\/span><\/span><span style=\"vertical-align: inherit;\"><span style=\"vertical-align: inherit;\"><span style=\"vertical-align: inherit;\"><span style=\"vertical-align: inherit;\"> Derecho#2 F1 <span style=\"color: #808000;\">&#8220;R\u00f4ti cut&#8221;<\/span> x Derecho#28<\/span><\/span><\/span><\/span><\/span><\/strong><\/span><span style=\"color: #000000;\"><strong><span style=\"vertical-align: inherit;\"><span style=\"vertical-align: inherit;\"><span style=\"vertical-align: inherit;\"><span style=\"vertical-align: inherit;\"><span style=\"vertical-align: inherit;\"> F3<\/span><\/span><\/span><\/span><\/span><\/strong><\/span><br \/>\n<span style=\"color: #000000;\"><strong><span style=\"vertical-align: inherit;\"><span style=\"color: #993300;\"><span style=\"vertical-align: inherit;\"><span style=\"vertical-align: inherit;\"><span style=\"vertical-align: inherit;\"><span style=\"vertical-align: inherit;\">G\u00e9notype :<\/span><\/span><\/span><\/span><\/span><span style=\"vertical-align: inherit;\"><span style=\"vertical-align: inherit;\"><span style=\"vertical-align: inherit;\"><span style=\"vertical-align: inherit;\"> Indica \/ Sativa <\/span><\/span><\/span><\/span><\/span><\/strong><\/span><br \/>\n<span style=\"color: #000000;\"><strong><span style=\"vertical-align: inherit;\"><span style=\"color: #993300;\"><span style=\"vertical-align: inherit;\"><span style=\"vertical-align: inherit;\"><span style=\"vertical-align: inherit;\"><span style=\"vertical-align: inherit;\">Floraison int\u00e9rieure :<\/span><\/span><\/span><\/span><\/span><span style=\"vertical-align: inherit;\"><span style=\"vertical-align: inherit;\"><span style=\"vertical-align: inherit;\"><span style=\"vertical-align: inherit;\"> 65~68 jours <\/span><\/span><\/span><\/span><\/span><\/strong><\/span><br \/>\n<span style=\"color: #000000;\"><strong><span style=\"vertical-align: inherit;\"><span style=\"color: #993300;\"><span style=\"vertical-align: inherit;\"><span style=\"vertical-align: inherit;\"><span style=\"vertical-align: inherit;\"><span style=\"vertical-align: inherit;\">Teneur en THC :<\/span><\/span><\/span><\/span><\/span><span style=\"vertical-align: inherit;\"><span style=\"vertical-align: inherit;\"><span style=\"vertical-align: inherit;\"><span style=\"vertical-align: inherit;\"> 21~26% <\/span><\/span><\/span><\/span><\/span><\/strong><\/span><br \/>\n<span style=\"color: #000000;\"><strong><span style=\"vertical-align: inherit;\"><span style=\"color: #993300;\"><span style=\"vertical-align: inherit;\"><span style=\"vertical-align: inherit;\"><span style=\"vertical-align: inherit;\"><span style=\"vertical-align: inherit;\">Production int\u00e9rieure :<\/span><\/span><\/span><\/span><\/span><span style=\"vertical-align: inherit;\"><span style=\"vertical-align: inherit;\"><span style=\"vertical-align: inherit;\"><span style=\"vertical-align: inherit;\"> 600gr\/m2 <\/span><\/span><\/span><\/span><\/span><\/strong><\/span><br \/>\n<span style=\"color: #000000;\"><strong><span style=\"vertical-align: inherit;\"><span style=\"color: #993300;\"><span style=\"vertical-align: inherit;\"><span style=\"vertical-align: inherit;\"><span style=\"vertical-align: inherit;\"><span style=\"vertical-align: inherit;\">Production ext\u00e9rieure :<\/span><\/span><\/span><\/span><\/span><span style=\"vertical-align: inherit;\"><span style=\"vertical-align: inherit;\"><span style=\"vertical-align: inherit;\"><span style=\"vertical-align: inherit;\"> 800~1000gr\/plt<\/span><\/span><\/span><\/span><\/span><\/strong><\/span><\/p>\n","protected":false},"featured_media":9409,"comment_status":"closed","ping_status":"closed","template":"","meta":{"site-sidebar-layout":"default","site-content-layout":"","ast-site-content-layout":"default","site-content-style":"default","site-sidebar-style":"default","ast-global-header-display":"","ast-banner-title-visibility":"","ast-main-header-display":"","ast-hfb-above-header-display":"","ast-hfb-below-header-display":"","ast-hfb-mobile-header-display":"","site-post-title":"","ast-breadcrumbs-content":"","ast-featured-img":"","footer-sml-layout":"","ast-disable-related-posts":"","theme-transparent-header-meta":"default","adv-header-id-meta":"","stick-header-meta":"","header-above-stick-meta":"","header-main-stick-meta":"","header-below-stick-meta":"","astra-migrate-meta-layouts":"set","ast-page-background-enabled":"default","ast-page-background-meta":{"desktop":{"background-color":"","background-image":"","background-repeat":"repeat","background-position":"center center","background-size":"auto","background-attachment":"scroll","background-type":"","background-media":"","overlay-type":"","overlay-color":"","overlay-opacity":"","overlay-gradient":""},"tablet":{"background-color":"","background-image":"","background-repeat":"repeat","background-position":"center center","background-size":"auto","background-attachment":"scroll","background-type":"","background-media":"","overlay-type":"","overlay-color":"","overlay-opacity":"","overlay-gradient":""},"mobile":{"background-color":"","background-image":"","background-repeat":"repeat","background-position":"center center","background-size":"auto","background-attachment":"scroll","background-type":"","background-media":"","overlay-type":"","overlay-color":"","overlay-opacity":"","overlay-gradient":""}},"ast-content-background-meta":{"desktop":{"background-color":"var(--ast-global-color-5)","background-image":"","background-repeat":"repeat","background-position":"center center","background-size":"auto","background-attachment":"scroll","background-type":"","background-media":"","overlay-type":"","overlay-color":"","overlay-opacity":"","overlay-gradient":""},"tablet":{"background-color":"var(--ast-global-color-5)","background-image":"","background-repeat":"repeat","background-position":"center center","background-size":"auto","background-attachment":"scroll","background-type":"","background-media":"","overlay-type":"","overlay-color":"","overlay-opacity":"","overlay-gradient":""},"mobile":{"background-color":"var(--ast-global-color-5)","background-image":"","background-repeat":"repeat","background-position":"center center","background-size":"auto","background-attachment":"scroll","background-type":"","background-media":"","overlay-type":"","overlay-color":"","overlay-opacity":"","overlay-gradient":""}}},"product_brand":[],"product_cat":[200,59],"product_tag":[124,125,127,126,113,118,110,108],"class_list":{"0":"post-8452","1":"product","2":"type-product","3":"status-publish","4":"has-post-thumbnail","6":"product_cat-derecho2-f1-roti-cut-x-derecho28-f3-regulieres","7":"product_cat-regulieres","8":"product_tag-beignet","9":"product_tag-chichi","10":"product_tag-clementine","11":"product_tag-fleur-doranger","12":"product_tag-fruits-rotis","13":"product_tag-gaz","14":"product_tag-relaxant","15":"product_tag-type-deffet-recreatif","16":"desktop-align-left","17":"tablet-align-left","18":"mobile-align-left","20":"first","21":"instock","22":"taxable","23":"shipping-taxable","24":"purchasable","25":"product-type-variable"},"_links":{"self":[{"href":"https:\/\/aristodeseedco.fr\/index.php\/wp-json\/wp\/v2\/product\/8452","targetHints":{"allow":["GET"]}}],"collection":[{"href":"https:\/\/aristodeseedco.fr\/index.php\/wp-json\/wp\/v2\/product"}],"about":[{"href":"https:\/\/aristodeseedco.fr\/index.php\/wp-json\/wp\/v2\/types\/product"}],"replies":[{"embeddable":true,"href":"https:\/\/aristodeseedco.fr\/index.php\/wp-json\/wp\/v2\/comments?post=8452"}],"version-history":[{"count":14,"href":"https:\/\/aristodeseedco.fr\/index.php\/wp-json\/wp\/v2\/product\/8452\/revisions"}],"predecessor-version":[{"id":8601,"href":"https:\/\/aristodeseedco.fr\/index.php\/wp-json\/wp\/v2\/product\/8452\/revisions\/8601"}],"wp:featuredmedia":[{"embeddable":true,"href":"https:\/\/aristodeseedco.fr\/index.php\/wp-json\/wp\/v2\/media\/9409"}],"wp:attachment":[{"href":"https:\/\/aristodeseedco.fr\/index.php\/wp-json\/wp\/v2\/media?parent=8452"}],"wp:term":[{"taxonomy":"product_brand","embeddable":true,"href":"https:\/\/aristodeseedco.fr\/index.php\/wp-json\/wp\/v2\/product_brand?post=8452"},{"taxonomy":"product_cat","embeddable":true,"href":"https:\/\/aristodeseedco.fr\/index.php\/wp-json\/wp\/v2\/product_cat?post=8452"},{"taxonomy":"product_tag","embeddable":true,"href":"https:\/\/aristodeseedco.fr\/index.php\/wp-json\/wp\/v2\/product_tag?post=8452"}],"curies":[{"name":"wp","href":"https:\/\/api.w.org\/{rel}","templated":true}]}}