{"id":8498,"date":"2024-08-14T15:47:06","date_gmt":"2024-08-14T13:47:06","guid":{"rendered":"https:\/\/aristodeseedco.fr\/?post_type=product&#038;p=8498"},"modified":"2026-03-04T19:58:11","modified_gmt":"2026-03-04T18:58:11","slug":"black-pepper-f1","status":"publish","type":"product","link":"https:\/\/aristodeseedco.fr\/index.php\/produit\/black-pepper-f1\/","title":{"rendered":"BLACK PEPPER F1"},"content":{"rendered":"","protected":false},"excerpt":{"rendered":"<p><span style=\"color: #333399;\"><strong><span style=\"vertical-align: inherit;\"><span dir=\"auto\" style=\"vertical-align: inherit;\"><span style=\"color: #ff6600;\">&#8220;FIN DE PRODUCTION&#8221;<\/span><\/span><\/span><\/strong><\/span><\/p>\n<p><span style=\"color: #ff6600;\"><em><strong><span style=\"vertical-align: inherit;\">L<b>\u00c9O STONE<\/b><\/span><\/strong><\/em><\/span><\/p>\n<ul>\n<li><span style=\"color: #000000;\"><strong><span style=\"vertical-align: inherit;\"><span style=\"color: #333399;\">Dracoz#3 F1 <span style=\"color: #808000;\">&#8220;Funky Gazy cut&#8221;<\/span><\/span> = Runtz x (BISCOTTI x [Gelato#41 Sherbinskis cut x Gelly Solfire Gardens clone])\u00a0 \/ <span style=\"color: #993300;\">Parfums :<\/span><\/span><span style=\"color: #000000;\"><em><span style=\"vertical-align: inherit;\"> Baguette de pain accompagn\u00e9 de gaz et de cr\u00e8me glac\u00e9e.<\/span><\/em><\/span><\/strong><\/span><\/li>\n<\/ul>\n<p><span style=\"color: #ff6600;\"><b><i>ARISTODE SEED CO<\/i><\/b><\/span><\/p>\n<ul>\n<li style=\"list-style-type: none;\">\n<ul>\n<li><span style=\"color: #000000;\"><strong><span style=\"vertical-align: inherit;\"><span style=\"color: #333399;\">Baie Rose#15 F1<\/span> <span style=\"color: #808000;\">&#8220;Fresh Pepper cut&#8221;<\/span>\u00a0= (Durganchitral F1 Indica clone x Velvet Krush F5 Alpha clone) \/ <\/span><\/strong><span style=\"color: #993300;\"><strong><span style=\"vertical-align: inherit;\">Parfums :<\/span><\/strong><\/span><em><strong><span style=\"vertical-align: inherit;\"> Odeur tr\u00e8s fraiche de poivre rose de Madagascar.<\/span><\/strong><\/em><\/span><\/li>\n<\/ul>\n<\/li>\n<\/ul>\n<p>&nbsp;<\/p>\n<p><span style=\"color: #000000;\"><strong><span style=\"vertical-align: inherit;\"><span style=\"color: #993300;\">G\u00e9n\u00e9tique :<\/span> <span style=\"color: #000000;\">Dracoz#3 F1 <span style=\"color: #808000;\">&#8220;Funky Gazy cut&#8221;<\/span> x Baie Rose#15 F1 <span style=\"color: #808000;\">&#8220;Fresh Pepper cut&#8221;<\/span><\/span><\/span><\/strong><\/span><br \/>\n<span style=\"color: #000000;\"><strong><span style=\"vertical-align: inherit;\"><span style=\"color: #993300;\">G\u00e9notype :<\/span> Indica \/ Sativa <\/span><\/strong><\/span><br \/>\n<span style=\"color: #000000;\"><strong><span style=\"vertical-align: inherit;\"><span style=\"color: #993300;\">Floraison int\u00e9rieure :<\/span> 65~70 jours <\/span><\/strong><\/span><br \/>\n<span style=\"color: #000000;\"><strong><span style=\"vertical-align: inherit;\"><span style=\"color: #993300;\">Teneur en THC :<\/span> 18~22% <\/span><\/strong><\/span><br \/>\n<span style=\"color: #000000;\"><strong><span style=\"vertical-align: inherit;\"><span style=\"color: #993300;\">Production int\u00e9rieure :<\/span> 500gr\/m2 <\/span><\/strong><\/span><br \/>\n<span style=\"color: #000000;\"><strong><span style=\"vertical-align: inherit;\"><span style=\"color: #993300;\">Production ext\u00e9rieure :<\/span> 700~900gr\/plt<\/span><\/strong><\/span><\/p>\n","protected":false},"featured_media":9424,"comment_status":"closed","ping_status":"closed","template":"","meta":{"site-sidebar-layout":"default","site-content-layout":"","ast-site-content-layout":"default","site-content-style":"default","site-sidebar-style":"default","ast-global-header-display":"","ast-banner-title-visibility":"","ast-main-header-display":"","ast-hfb-above-header-display":"","ast-hfb-below-header-display":"","ast-hfb-mobile-header-display":"","site-post-title":"","ast-breadcrumbs-content":"","ast-featured-img":"","footer-sml-layout":"","ast-disable-related-posts":"","theme-transparent-header-meta":"default","adv-header-id-meta":"","stick-header-meta":"","header-above-stick-meta":"","header-main-stick-meta":"","header-below-stick-meta":"","astra-migrate-meta-layouts":"set","ast-page-background-enabled":"default","ast-page-background-meta":{"desktop":{"background-color":"","background-image":"","background-repeat":"repeat","background-position":"center center","background-size":"auto","background-attachment":"scroll","background-type":"","background-media":"","overlay-type":"","overlay-color":"","overlay-opacity":"","overlay-gradient":""},"tablet":{"background-color":"","background-image":"","background-repeat":"repeat","background-position":"center center","background-size":"auto","background-attachment":"scroll","background-type":"","background-media":"","overlay-type":"","overlay-color":"","overlay-opacity":"","overlay-gradient":""},"mobile":{"background-color":"","background-image":"","background-repeat":"repeat","background-position":"center center","background-size":"auto","background-attachment":"scroll","background-type":"","background-media":"","overlay-type":"","overlay-color":"","overlay-opacity":"","overlay-gradient":""}},"ast-content-background-meta":{"desktop":{"background-color":"var(--ast-global-color-5)","background-image":"","background-repeat":"repeat","background-position":"center center","background-size":"auto","background-attachment":"scroll","background-type":"","background-media":"","overlay-type":"","overlay-color":"","overlay-opacity":"","overlay-gradient":""},"tablet":{"background-color":"var(--ast-global-color-5)","background-image":"","background-repeat":"repeat","background-position":"center center","background-size":"auto","background-attachment":"scroll","background-type":"","background-media":"","overlay-type":"","overlay-color":"","overlay-opacity":"","overlay-gradient":""},"mobile":{"background-color":"var(--ast-global-color-5)","background-image":"","background-repeat":"repeat","background-position":"center center","background-size":"auto","background-attachment":"scroll","background-type":"","background-media":"","overlay-type":"","overlay-color":"","overlay-opacity":"","overlay-gradient":""}}},"product_brand":[],"product_cat":[197,59],"product_tag":[128,119,118,112,110,108],"class_list":{"0":"post-8498","1":"product","2":"type-product","3":"status-publish","4":"has-post-thumbnail","6":"product_cat-dracoz3-f1-funky-gazy-cut-x-baie-rose15-f1-fresh-pepper-cut-regulieres","7":"product_cat-regulieres","8":"product_tag-baies","9":"product_tag-creme-glacee","10":"product_tag-gaz","11":"product_tag-poivre-rose","12":"product_tag-relaxant","13":"product_tag-type-deffet-recreatif","14":"desktop-align-left","15":"tablet-align-left","16":"mobile-align-left","18":"first","19":"outofstock","20":"taxable","21":"shipping-taxable","22":"purchasable","23":"product-type-variable"},"_links":{"self":[{"href":"https:\/\/aristodeseedco.fr\/index.php\/wp-json\/wp\/v2\/product\/8498","targetHints":{"allow":["GET"]}}],"collection":[{"href":"https:\/\/aristodeseedco.fr\/index.php\/wp-json\/wp\/v2\/product"}],"about":[{"href":"https:\/\/aristodeseedco.fr\/index.php\/wp-json\/wp\/v2\/types\/product"}],"replies":[{"embeddable":true,"href":"https:\/\/aristodeseedco.fr\/index.php\/wp-json\/wp\/v2\/comments?post=8498"}],"version-history":[{"count":15,"href":"https:\/\/aristodeseedco.fr\/index.php\/wp-json\/wp\/v2\/product\/8498\/revisions"}],"predecessor-version":[{"id":9257,"href":"https:\/\/aristodeseedco.fr\/index.php\/wp-json\/wp\/v2\/product\/8498\/revisions\/9257"}],"wp:featuredmedia":[{"embeddable":true,"href":"https:\/\/aristodeseedco.fr\/index.php\/wp-json\/wp\/v2\/media\/9424"}],"wp:attachment":[{"href":"https:\/\/aristodeseedco.fr\/index.php\/wp-json\/wp\/v2\/media?parent=8498"}],"wp:term":[{"taxonomy":"product_brand","embeddable":true,"href":"https:\/\/aristodeseedco.fr\/index.php\/wp-json\/wp\/v2\/product_brand?post=8498"},{"taxonomy":"product_cat","embeddable":true,"href":"https:\/\/aristodeseedco.fr\/index.php\/wp-json\/wp\/v2\/product_cat?post=8498"},{"taxonomy":"product_tag","embeddable":true,"href":"https:\/\/aristodeseedco.fr\/index.php\/wp-json\/wp\/v2\/product_tag?post=8498"}],"curies":[{"name":"wp","href":"https:\/\/api.w.org\/{rel}","templated":true}]}}