{"id":9372,"date":"2026-03-03T20:05:07","date_gmt":"2026-03-03T19:05:07","guid":{"rendered":"https:\/\/aristodeseedco.fr\/?post_type=product&#038;p=9372"},"modified":"2026-03-06T14:06:06","modified_gmt":"2026-03-06T13:06:06","slug":"big-stuff-f1","status":"publish","type":"product","link":"https:\/\/aristodeseedco.fr\/index.php\/produit\/big-stuff-f1\/","title":{"rendered":"BIG STUFF F1"},"content":{"rendered":"","protected":false},"excerpt":{"rendered":"<p><span style=\"color: #ff6600;\"><em><strong><span style=\"vertical-align: inherit;\"><span dir=\"auto\" style=\"vertical-align: inherit;\"><span dir=\"auto\" style=\"vertical-align: inherit;\"><span style=\"color: #993366;\">&#8220;PRODUCTION DE GRAINES UNIQUES&#8221;<\/span><\/span><\/span><\/span><\/strong><\/em><\/span><\/p>\n<p><span style=\"color: #ff6600;\"><em><strong><span style=\"vertical-align: inherit;\"><span dir=\"auto\" style=\"vertical-align: inherit;\"><span dir=\"auto\" style=\"vertical-align: inherit;\">ARISTODE SEED CO<\/span><\/span><\/span><\/strong><\/em><\/span><\/p>\n<ul>\n<li><span style=\"color: #000000;\"><strong><span style=\"vertical-align: inherit;\"><span style=\"vertical-align: inherit;\"><span style=\"vertical-align: inherit;\"><span style=\"vertical-align: inherit;\"><span style=\"color: #333399;\">Derecho#7 F1<\/span> <span style=\"color: #808000;\">&#8220;Level UP cut&#8221;<\/span>= (Rosso Corsa#24 F1 <span style=\"color: #808000;\">&#8220;Cl\u00e9mensse cut&#8221;<\/span> x Dracoz#6 F1) \/ <\/span><\/span><\/span><\/span><span style=\"color: #993300;\"><span style=\"vertical-align: inherit;\"><span style=\"vertical-align: inherit;\"><span style=\"vertical-align: inherit;\"><span style=\"vertical-align: inherit;\">Parfums : <em><span style=\"color: #000000;\">M\u00e9lange solide d&#8217;essence de clementine et de gaz.<\/span><\/em><\/span><\/span><\/span><\/span><\/span><\/strong><\/span><\/li>\n<\/ul>\n<p>&nbsp;<\/p>\n<ul>\n<li><span style=\"color: #000000;\"><strong><span style=\"color: #333399;\"><span style=\"vertical-align: inherit;\">Cherrytini#3<\/span><\/span><span style=\"vertical-align: inherit;\"><span style=\"color: #333399;\"> F1 <span style=\"color: #808000;\">&#8220;Fruity Cherry cut&#8221;<\/span><\/span> = (Cherry Noir F1 x JET A) \/ <\/span><span style=\"color: #993300;\"><span style=\"vertical-align: inherit;\">Parfums : <\/span><\/span><em><span style=\"vertical-align: inherit;\">Saladier remplie de fruit tropicale m\u00fbr accompagn\u00e9 d&#8217;une note tr\u00e8s fine de Cerise Noir.<\/span><\/em><\/strong><\/span><\/li>\n<\/ul>\n<p>&nbsp;<\/p>\n<p><span style=\"color: #333399;\"><strong>ORIGINE :\u00a0<\/strong><\/span><\/p>\n<p><span style=\"color: #ff6600;\"><em><strong><span style=\"vertical-align: inherit;\"><span dir=\"auto\" style=\"vertical-align: inherit;\"><span dir=\"auto\" style=\"vertical-align: inherit;\">ARISTODE SEED CO<\/span><\/span><\/span><\/strong><\/em><\/span><\/p>\n<ul>\n<li><span style=\"color: #000000;\"><strong><span style=\"color: #333399;\"><span style=\"vertical-align: inherit;\"><span style=\"vertical-align: inherit;\"><span style=\"vertical-align: inherit;\"><span style=\"vertical-align: inherit;\"><span style=\"vertical-align: inherit;\"><span style=\"vertical-align: inherit;\"><span style=\"vertical-align: inherit;\">Derecho F1<\/span><\/span><\/span><\/span><\/span><\/span><\/span><\/span><span style=\"vertical-align: inherit;\"><span style=\"vertical-align: inherit;\"><span style=\"vertical-align: inherit;\"><span style=\"vertical-align: inherit;\"><span style=\"vertical-align: inherit;\"><span style=\"vertical-align: inherit;\"><span style=\"vertical-align: inherit;\"> \u00a0= (Rosso Corsa#24 F1 <span style=\"color: #808000;\">&#8220;Cl\u00e9mensse cut&#8221;<\/span> x Draco#6 F1) \/ <\/span><\/span><\/span><\/span><\/span><\/span><\/span><span style=\"color: #993300;\"><span style=\"vertical-align: inherit;\"><span style=\"vertical-align: inherit;\"><span style=\"vertical-align: inherit;\"><span style=\"vertical-align: inherit;\"><span style=\"vertical-align: inherit;\"><span style=\"vertical-align: inherit;\"><span style=\"vertical-align: inherit;\">Parfums : <\/span><\/span><\/span><\/span><\/span><\/span><\/span><\/span> <em><span style=\"vertical-align: inherit;\"><span style=\"vertical-align: inherit;\"><span style=\"vertical-align: inherit;\"><span style=\"vertical-align: inherit;\"><span style=\"vertical-align: inherit;\"><span style=\"vertical-align: inherit;\"><span style=\"vertical-align: inherit;\">Essence de peau de cl\u00e9mentine, fruits r\u00f4tis, gaz de raisin trop m\u00fbr et ferment\u00e9.<\/span><\/span><\/span><\/span><\/span><\/span><\/span><\/em><\/strong><\/span><\/li>\n<\/ul>\n<p><span style=\"color: #ff6600;\"><em><strong><span style=\"vertical-align: inherit;\"><span dir=\"auto\" style=\"vertical-align: inherit;\">PERFECT TREE<\/span><\/span><\/strong><\/em><\/span><\/p>\n<ul>\n<li><span style=\"color: #000000;\"><strong><span style=\"vertical-align: inherit;\"><span style=\"color: #333399;\"><span dir=\"auto\" style=\"vertical-align: inherit;\">Cherrytini F1 <\/span><\/span><span dir=\"auto\" style=\"vertical-align: inherit;\">= (Cherry Noir F1 x Jet A F1) \/ <\/span><span style=\"color: #993300;\"><span dir=\"auto\" style=\"vertical-align: inherit;\">Parfums : <span style=\"color: #000000;\"><i>Cerise noir, liqueur de cerise, lime.<\/i><\/span><\/span><\/span><\/span><\/strong><\/span><\/li>\n<\/ul>\n<p>&nbsp;<\/p>\n<p><span style=\"color: #000000;\"><strong><span style=\"vertical-align: inherit;\"><span style=\"color: #993300;\"><span dir=\"auto\" style=\"vertical-align: inherit;\"><span dir=\"auto\" style=\"vertical-align: inherit;\">G\u00e9n\u00e9tique :<\/span><\/span><\/span><span dir=\"auto\" style=\"vertical-align: inherit;\"><span dir=\"auto\" style=\"vertical-align: inherit;\"> Derecho#7 F1 <span style=\"color: #008000;\">&#8220;Level Up cut&#8221;<\/span> x Cherrytini#3 F1 <span style=\"color: #008000;\">&#8220;Fruity Cherry&#8221;<\/span><\/span><\/span><\/span><\/strong><\/span><br \/>\n<span style=\"color: #000000;\"><strong><span style=\"vertical-align: inherit;\"><span style=\"color: #993300;\"><span dir=\"auto\" style=\"vertical-align: inherit;\"><span dir=\"auto\" style=\"vertical-align: inherit;\">G\u00e9notype :<\/span><\/span><\/span><span dir=\"auto\" style=\"vertical-align: inherit;\"><span dir=\"auto\" style=\"vertical-align: inherit;\"> Indica \/ Sativa <\/span><\/span><\/span><\/strong><\/span><br \/>\n<span style=\"color: #000000;\"><strong><span style=\"vertical-align: inherit;\"><span style=\"color: #993300;\"><span dir=\"auto\" style=\"vertical-align: inherit;\"><span dir=\"auto\" style=\"vertical-align: inherit;\">Floraison int\u00e9rieure :<\/span><\/span><\/span><span dir=\"auto\" style=\"vertical-align: inherit;\"><span dir=\"auto\" style=\"vertical-align: inherit;\"> 68~75 jours <\/span><\/span><\/span><\/strong><\/span><br \/>\n<span style=\"color: #000000;\"><strong><span style=\"vertical-align: inherit;\"><span style=\"color: #993300;\"><span dir=\"auto\" style=\"vertical-align: inherit;\"><span dir=\"auto\" style=\"vertical-align: inherit;\">Teneur en THC :<\/span><\/span><\/span><span dir=\"auto\" style=\"vertical-align: inherit;\"><span dir=\"auto\" style=\"vertical-align: inherit;\"> 22~26% <\/span><\/span><\/span><\/strong><\/span><br \/>\n<span style=\"color: #000000;\"><strong><span style=\"vertical-align: inherit;\"><span style=\"color: #993300;\"><span dir=\"auto\" style=\"vertical-align: inherit;\"><span dir=\"auto\" style=\"vertical-align: inherit;\">Production int\u00e9rieure :<\/span><\/span><\/span><span dir=\"auto\" style=\"vertical-align: inherit;\"><span dir=\"auto\" style=\"vertical-align: inherit;\"> 500gr\/m2 <\/span><\/span><\/span><\/strong><\/span><br \/>\n<span style=\"color: #000000;\"><strong><span style=\"vertical-align: inherit;\"><span style=\"color: #993300;\"><span dir=\"auto\" style=\"vertical-align: inherit;\"><span dir=\"auto\" style=\"vertical-align: inherit;\">Production ext\u00e9rieure :<\/span><\/span><\/span><span dir=\"auto\" style=\"vertical-align: inherit;\"><span dir=\"auto\" style=\"vertical-align: inherit;\"> 800~1000gr\/plt<\/span><\/span><\/span><\/strong><\/span><\/p>\n","protected":false},"featured_media":9385,"comment_status":"closed","ping_status":"closed","template":"","meta":{"site-sidebar-layout":"default","site-content-layout":"","ast-site-content-layout":"default","site-content-style":"default","site-sidebar-style":"default","ast-global-header-display":"","ast-banner-title-visibility":"","ast-main-header-display":"","ast-hfb-above-header-display":"","ast-hfb-below-header-display":"","ast-hfb-mobile-header-display":"","site-post-title":"","ast-breadcrumbs-content":"","ast-featured-img":"","footer-sml-layout":"","ast-disable-related-posts":"","theme-transparent-header-meta":"default","adv-header-id-meta":"","stick-header-meta":"","header-above-stick-meta":"","header-main-stick-meta":"","header-below-stick-meta":"","astra-migrate-meta-layouts":"set","ast-page-background-enabled":"default","ast-page-background-meta":{"desktop":{"background-color":"","background-image":"","background-repeat":"repeat","background-position":"center center","background-size":"auto","background-attachment":"scroll","background-type":"","background-media":"","overlay-type":"","overlay-color":"","overlay-opacity":"","overlay-gradient":""},"tablet":{"background-color":"","background-image":"","background-repeat":"repeat","background-position":"center center","background-size":"auto","background-attachment":"scroll","background-type":"","background-media":"","overlay-type":"","overlay-color":"","overlay-opacity":"","overlay-gradient":""},"mobile":{"background-color":"","background-image":"","background-repeat":"repeat","background-position":"center center","background-size":"auto","background-attachment":"scroll","background-type":"","background-media":"","overlay-type":"","overlay-color":"","overlay-opacity":"","overlay-gradient":""}},"ast-content-background-meta":{"desktop":{"background-color":"var(--ast-global-color-5)","background-image":"","background-repeat":"repeat","background-position":"center center","background-size":"auto","background-attachment":"scroll","background-type":"","background-media":"","overlay-type":"","overlay-color":"","overlay-opacity":"","overlay-gradient":""},"tablet":{"background-color":"var(--ast-global-color-5)","background-image":"","background-repeat":"repeat","background-position":"center center","background-size":"auto","background-attachment":"scroll","background-type":"","background-media":"","overlay-type":"","overlay-color":"","overlay-opacity":"","overlay-gradient":""},"mobile":{"background-color":"var(--ast-global-color-5)","background-image":"","background-repeat":"repeat","background-position":"center center","background-size":"auto","background-attachment":"scroll","background-type":"","background-media":"","overlay-type":"","overlay-color":"","overlay-opacity":"","overlay-gradient":""}}},"product_brand":[],"product_cat":[215,59],"product_tag":[123,181,122,118,173],"class_list":{"0":"post-9372","1":"product","2":"type-product","3":"status-publish","4":"has-post-thumbnail","6":"product_cat-derecho7-f1-level-up-cut-x-cherrytini3-f1-fruity-cherry","7":"product_cat-regulieres","8":"product_tag-cerise","9":"product_tag-essence-de-clementine","10":"product_tag-fruits-tropicaux","11":"product_tag-gaz","12":"product_tag-type-deffet-sociable-et-recreatif","13":"desktop-align-left","14":"tablet-align-left","15":"mobile-align-left","17":"first","18":"outofstock","19":"taxable","20":"shipping-taxable","21":"purchasable","22":"product-type-variable"},"_links":{"self":[{"href":"https:\/\/aristodeseedco.fr\/index.php\/wp-json\/wp\/v2\/product\/9372","targetHints":{"allow":["GET"]}}],"collection":[{"href":"https:\/\/aristodeseedco.fr\/index.php\/wp-json\/wp\/v2\/product"}],"about":[{"href":"https:\/\/aristodeseedco.fr\/index.php\/wp-json\/wp\/v2\/types\/product"}],"replies":[{"embeddable":true,"href":"https:\/\/aristodeseedco.fr\/index.php\/wp-json\/wp\/v2\/comments?post=9372"}],"version-history":[{"count":5,"href":"https:\/\/aristodeseedco.fr\/index.php\/wp-json\/wp\/v2\/product\/9372\/revisions"}],"predecessor-version":[{"id":9412,"href":"https:\/\/aristodeseedco.fr\/index.php\/wp-json\/wp\/v2\/product\/9372\/revisions\/9412"}],"wp:featuredmedia":[{"embeddable":true,"href":"https:\/\/aristodeseedco.fr\/index.php\/wp-json\/wp\/v2\/media\/9385"}],"wp:attachment":[{"href":"https:\/\/aristodeseedco.fr\/index.php\/wp-json\/wp\/v2\/media?parent=9372"}],"wp:term":[{"taxonomy":"product_brand","embeddable":true,"href":"https:\/\/aristodeseedco.fr\/index.php\/wp-json\/wp\/v2\/product_brand?post=9372"},{"taxonomy":"product_cat","embeddable":true,"href":"https:\/\/aristodeseedco.fr\/index.php\/wp-json\/wp\/v2\/product_cat?post=9372"},{"taxonomy":"product_tag","embeddable":true,"href":"https:\/\/aristodeseedco.fr\/index.php\/wp-json\/wp\/v2\/product_tag?post=9372"}],"curies":[{"name":"wp","href":"https:\/\/api.w.org\/{rel}","templated":true}]}}