{"id":9451,"date":"2026-03-04T18:46:50","date_gmt":"2026-03-04T17:46:50","guid":{"rendered":"https:\/\/aristodeseedco.fr\/?post_type=product&#038;p=9451"},"modified":"2026-04-18T03:00:38","modified_gmt":"2026-04-18T01:00:38","slug":"cubi-f1","status":"publish","type":"product","link":"https:\/\/aristodeseedco.fr\/index.php\/produit\/cubi-f1\/","title":{"rendered":"CUBI F1"},"content":{"rendered":"","protected":false},"excerpt":{"rendered":"<p><span style=\"color: #993366;\"><strong>&#8220;PRODUCTION DE GRAINES UNIQUES&#8221;<\/strong><\/span><\/p>\n<p><span style=\"color: #ff6600;\"><em><strong><span style=\"vertical-align: inherit;\"><span dir=\"auto\" style=\"vertical-align: inherit;\"><span dir=\"auto\" style=\"vertical-align: inherit;\">ARISTODE SEED CO<\/span><\/span><\/span><\/strong><\/em><\/span><\/p>\n<ul>\n<li><span style=\"color: #000000;\"><strong><span style=\"color: #333399;\"><span style=\"vertical-align: inherit;\">Cuv\u00e9e F2<\/span><\/span><span style=\"vertical-align: inherit;\"> <span style=\"color: #333399;\"><span style=\"color: #808000;\">&#8220;Baril&#8217;s cut&#8221; <\/span><\/span>= (Pinot Noir x Space Queen) \/ <\/span><span style=\"color: #993300;\"><span style=\"vertical-align: inherit;\">Parfums :<span style=\"color: #000000;\"><i> Baril en bois imbib\u00e9 par le vin sur un fond de chocolat au lait.<\/i><\/span><\/span><\/span><\/strong><\/span><\/li>\n<\/ul>\n<p>&nbsp;<\/p>\n<ul>\n<li><span style=\"color: #000000;\"><strong><span style=\"vertical-align: inherit;\"><span style=\"color: #333399;\"><span dir=\"auto\" style=\"vertical-align: inherit;\">Ivory Breath#1 F1 <span style=\"color: #808000;\">&#8220;Yoyo&#8221;<\/span> <\/span><\/span><span dir=\"auto\" style=\"vertical-align: inherit;\">= Blue Elefant x (Purple Punch F4 x Jelly Breath bx1) \/ <\/span><span style=\"color: #993300;\"><span dir=\"auto\" style=\"vertical-align: inherit;\">Parfums : <em><span style=\"color: #000000;\">Bois br\u00fbl\u00e9 exotique.<\/span><\/em><\/span><\/span><\/span><\/strong><\/span><\/li>\n<\/ul>\n<p>&nbsp;<\/p>\n<p><span style=\"color: #333399;\"><strong>ORIGINE :<\/strong><\/span><\/p>\n<p><span style=\"color: #ff6600;\"><em><strong><span style=\"vertical-align: inherit;\">TGA SUBCOOL\u00a0\u00a0<\/span><\/strong><\/em><\/span><\/p>\n<ul>\n<li><span style=\"color: #000000;\"><strong><span style=\"color: #333399;\"><span style=\"vertical-align: inherit;\">Cuv\u00e9e F1<\/span><\/span><span style=\"vertical-align: inherit;\"> = (Pinot Noir x Space Queen) \/ <\/span><span style=\"color: #993300;\"><span style=\"vertical-align: inherit;\">Parfums :<em>C<\/em><\/span><\/span><\/strong><\/span><strong><span style=\"color: #000000;\"><em><span style=\"vertical-align: inherit;\"><span dir=\"auto\" style=\"vertical-align: inherit;\">hocolat chaud aux cerises et \u00e0 la cr\u00e8me fouett\u00e9e de m\u00fbre et de baies de chocolat.<\/span><\/span><\/em><\/span><\/strong><\/li>\n<\/ul>\n<p><span style=\"color: #ff6600;\"><em><strong><span style=\"vertical-align: inherit;\"><span dir=\"auto\" style=\"vertical-align: inherit;\"><span dir=\"auto\" style=\"vertical-align: inherit;\">AFICIONADO FRENCH CONNECTION<\/span><\/span><\/span><\/strong><\/em><\/span><\/p>\n<ul>\n<li><span style=\"color: #000000;\"><strong><span style=\"vertical-align: inherit;\"><span style=\"color: #333399;\"><span dir=\"auto\" style=\"vertical-align: inherit;\">Ivory Breath F1 <\/span><\/span><span dir=\"auto\" style=\"vertical-align: inherit;\">= Spanish Blue Elephant x (Purple Punch F4 x Jelly Breath bx1) \/ <\/span><span style=\"color: #993300;\"><span dir=\"auto\" style=\"vertical-align: inherit;\">Parfums : <em><span style=\"color: #000000;\">S<\/span><span style=\"color: #000000;\">ucrerie, bois br\u00fbl\u00e9 exotique, anis, poivre sur un fond subtilm de vanille.<\/span><\/em><\/span><\/span><\/span><\/strong><\/span><\/li>\n<\/ul>\n<p>&nbsp;<\/p>\n<p><span style=\"color: #000000;\"><strong><span style=\"vertical-align: inherit;\"><span style=\"color: #993300;\"><span dir=\"auto\" style=\"vertical-align: inherit;\"><span dir=\"auto\" style=\"vertical-align: inherit;\">G\u00e9n\u00e9tique :<\/span><\/span><\/span><span dir=\"auto\" style=\"vertical-align: inherit;\"><span dir=\"auto\" style=\"vertical-align: inherit;\"> Cuv\u00e9e F2 <span style=\"color: #333399;\"><span style=\"color: #808000;\">&#8220;Baril&#8217;s cut&#8221; <span style=\"color: #000000;\">x<\/span> <\/span><\/span>Ivory Breath#1 F1 <span style=\"color: #808000;\">&#8220;Yoyo&#8221;<\/span>\u00a0<\/span><\/span><\/span><\/strong><\/span><br \/>\n<span style=\"color: #000000;\"><strong><span style=\"vertical-align: inherit;\"><span style=\"color: #993300;\"><span dir=\"auto\" style=\"vertical-align: inherit;\"><span dir=\"auto\" style=\"vertical-align: inherit;\">G\u00e9notype :<\/span><\/span><\/span><span dir=\"auto\" style=\"vertical-align: inherit;\"><span dir=\"auto\" style=\"vertical-align: inherit;\"> Indica \/ Sativa <\/span><\/span><\/span><\/strong><\/span><br \/>\n<span style=\"color: #000000;\"><strong><span style=\"vertical-align: inherit;\"><span style=\"color: #993300;\"><span dir=\"auto\" style=\"vertical-align: inherit;\"><span dir=\"auto\" style=\"vertical-align: inherit;\">Floraison int\u00e9rieure :<\/span><\/span><\/span><span dir=\"auto\" style=\"vertical-align: inherit;\"><span dir=\"auto\" style=\"vertical-align: inherit;\"> 63~65 jours <\/span><\/span><\/span><\/strong><\/span><br \/>\n<span style=\"color: #000000;\"><strong><span style=\"vertical-align: inherit;\"><span style=\"color: #993300;\"><span dir=\"auto\" style=\"vertical-align: inherit;\"><span dir=\"auto\" style=\"vertical-align: inherit;\">Teneur en THC :<\/span><\/span><\/span><span dir=\"auto\" style=\"vertical-align: inherit;\"><span dir=\"auto\" style=\"vertical-align: inherit;\"> 20~23% <\/span><\/span><\/span><\/strong><\/span><br \/>\n<span style=\"color: #000000;\"><strong><span style=\"vertical-align: inherit;\"><span style=\"color: #993300;\"><span dir=\"auto\" style=\"vertical-align: inherit;\"><span dir=\"auto\" style=\"vertical-align: inherit;\">Production int\u00e9rieure :<\/span><\/span><\/span><span dir=\"auto\" style=\"vertical-align: inherit;\"><span dir=\"auto\" style=\"vertical-align: inherit;\"> 550gr\/m2 <\/span><\/span><\/span><\/strong><\/span><br \/>\n<span style=\"color: #000000;\"><strong><span style=\"vertical-align: inherit;\"><span style=\"color: #993300;\"><span dir=\"auto\" style=\"vertical-align: inherit;\"><span dir=\"auto\" style=\"vertical-align: inherit;\">Production ext\u00e9rieure :<\/span><\/span><\/span><span dir=\"auto\" style=\"vertical-align: inherit;\"><span dir=\"auto\" style=\"vertical-align: inherit;\"> 800~1000gr\/plt<\/span><\/span><\/span><\/strong><\/span><\/p>\n","protected":false},"featured_media":9454,"comment_status":"closed","ping_status":"closed","template":"","meta":{"site-sidebar-layout":"default","site-content-layout":"","ast-site-content-layout":"default","site-content-style":"default","site-sidebar-style":"default","ast-global-header-display":"","ast-banner-title-visibility":"","ast-main-header-display":"","ast-hfb-above-header-display":"","ast-hfb-below-header-display":"","ast-hfb-mobile-header-display":"","site-post-title":"","ast-breadcrumbs-content":"","ast-featured-img":"","footer-sml-layout":"","ast-disable-related-posts":"","theme-transparent-header-meta":"default","adv-header-id-meta":"","stick-header-meta":"","header-above-stick-meta":"","header-main-stick-meta":"","header-below-stick-meta":"","astra-migrate-meta-layouts":"set","ast-page-background-enabled":"default","ast-page-background-meta":{"desktop":{"background-color":"","background-image":"","background-repeat":"repeat","background-position":"center center","background-size":"auto","background-attachment":"scroll","background-type":"","background-media":"","overlay-type":"","overlay-color":"","overlay-opacity":"","overlay-gradient":""},"tablet":{"background-color":"","background-image":"","background-repeat":"repeat","background-position":"center center","background-size":"auto","background-attachment":"scroll","background-type":"","background-media":"","overlay-type":"","overlay-color":"","overlay-opacity":"","overlay-gradient":""},"mobile":{"background-color":"","background-image":"","background-repeat":"repeat","background-position":"center center","background-size":"auto","background-attachment":"scroll","background-type":"","background-media":"","overlay-type":"","overlay-color":"","overlay-opacity":"","overlay-gradient":""}},"ast-content-background-meta":{"desktop":{"background-color":"var(--ast-global-color-5)","background-image":"","background-repeat":"repeat","background-position":"center center","background-size":"auto","background-attachment":"scroll","background-type":"","background-media":"","overlay-type":"","overlay-color":"","overlay-opacity":"","overlay-gradient":""},"tablet":{"background-color":"var(--ast-global-color-5)","background-image":"","background-repeat":"repeat","background-position":"center center","background-size":"auto","background-attachment":"scroll","background-type":"","background-media":"","overlay-type":"","overlay-color":"","overlay-opacity":"","overlay-gradient":""},"mobile":{"background-color":"var(--ast-global-color-5)","background-image":"","background-repeat":"repeat","background-position":"center center","background-size":"auto","background-attachment":"scroll","background-type":"","background-media":"","overlay-type":"","overlay-color":"","overlay-opacity":"","overlay-gradient":""}}},"product_brand":[],"product_cat":[219,59],"product_tag":[154,134,221,220],"class_list":{"0":"post-9451","1":"product","2":"type-product","3":"status-publish","4":"has-post-thumbnail","6":"product_cat-cuvee-f2-barils-cut-x-ivory-breath1-f1-yoyo","7":"product_cat-regulieres","8":"product_tag-bois-exotique","9":"product_tag-chocolat","10":"product_tag-sucreries","11":"product_tag-vigne","12":"desktop-align-left","13":"tablet-align-left","14":"mobile-align-left","16":"first","17":"outofstock","18":"taxable","19":"shipping-taxable","20":"purchasable","21":"product-type-variable"},"_links":{"self":[{"href":"https:\/\/aristodeseedco.fr\/index.php\/wp-json\/wp\/v2\/product\/9451","targetHints":{"allow":["GET"]}}],"collection":[{"href":"https:\/\/aristodeseedco.fr\/index.php\/wp-json\/wp\/v2\/product"}],"about":[{"href":"https:\/\/aristodeseedco.fr\/index.php\/wp-json\/wp\/v2\/types\/product"}],"replies":[{"embeddable":true,"href":"https:\/\/aristodeseedco.fr\/index.php\/wp-json\/wp\/v2\/comments?post=9451"}],"version-history":[{"count":3,"href":"https:\/\/aristodeseedco.fr\/index.php\/wp-json\/wp\/v2\/product\/9451\/revisions"}],"predecessor-version":[{"id":9538,"href":"https:\/\/aristodeseedco.fr\/index.php\/wp-json\/wp\/v2\/product\/9451\/revisions\/9538"}],"wp:featuredmedia":[{"embeddable":true,"href":"https:\/\/aristodeseedco.fr\/index.php\/wp-json\/wp\/v2\/media\/9454"}],"wp:attachment":[{"href":"https:\/\/aristodeseedco.fr\/index.php\/wp-json\/wp\/v2\/media?parent=9451"}],"wp:term":[{"taxonomy":"product_brand","embeddable":true,"href":"https:\/\/aristodeseedco.fr\/index.php\/wp-json\/wp\/v2\/product_brand?post=9451"},{"taxonomy":"product_cat","embeddable":true,"href":"https:\/\/aristodeseedco.fr\/index.php\/wp-json\/wp\/v2\/product_cat?post=9451"},{"taxonomy":"product_tag","embeddable":true,"href":"https:\/\/aristodeseedco.fr\/index.php\/wp-json\/wp\/v2\/product_tag?post=9451"}],"curies":[{"name":"wp","href":"https:\/\/api.w.org\/{rel}","templated":true}]}}