{"id":9500,"date":"2026-03-05T04:21:36","date_gmt":"2026-03-05T03:21:36","guid":{"rendered":"https:\/\/aristodeseedco.fr\/?post_type=product&#038;p=9500"},"modified":"2026-04-20T23:06:57","modified_gmt":"2026-04-20T21:06:57","slug":"mystery-box","status":"publish","type":"product","link":"https:\/\/aristodeseedco.fr\/index.php\/produit\/mystery-box\/","title":{"rendered":"MYSTERY BOX"},"content":{"rendered":"","protected":false},"excerpt":{"rendered":"<h2><span style=\"color: #333399;\"><strong>MYSTERY BOX 2022<\/strong><\/span><\/h2>\n<p>&nbsp;<\/p>\n<h6><span style=\"color: #000000;\"><strong>Un mix de croisement effectu\u00e9 lors de la d\u00e9couverte du m\u00e2le Velvet Krush F5 alpha de DJ Short qui a b\u00e2ti une grande partie de mes travaux, dont Bleu Roi, Baie Rose, Beaufort, Cerise Rose et pleins d&#8217;autres encore.<\/strong><\/span><\/h6>\n<p>&nbsp;<\/p>\n<h6><span style=\"color: #000000;\"><strong>Toutes les vari\u00e9t\u00e9s sont issues de graines r\u00e9guli\u00e8res ce qui en fait un tr\u00e9sor \u00e9tant donn\u00e9 l&#8217;arr\u00eat de production de 70 % des vari\u00e9t\u00e9s grandis. \u00a0<\/strong><\/span><\/h6>\n<p>&nbsp;<\/p>\n<p><span style=\"color: #000080;\"><em><strong><span style=\"vertical-align: inherit;\"><span style=\"vertical-align: inherit;\"><span style=\"vertical-align: inherit;\"><span style=\"vertical-align: inherit;\"><span style=\"vertical-align: inherit;\"><span style=\"vertical-align: inherit;\"><span style=\"vertical-align: inherit;\"><span style=\"vertical-align: inherit;\"><span style=\"vertical-align: inherit;\"><span style=\"vertical-align: inherit;\"><span style=\"vertical-align: inherit;\"><span style=\"vertical-align: inherit;\"><span style=\"vertical-align: inherit;\"><span style=\"vertical-align: inherit;\">VELVET KRUSH F5 ALPHA X :\u00a0<\/span><\/span><\/span><\/span><\/span><\/span><\/span><\/span><\/span><\/span><\/span><\/span><\/span><\/span><\/strong><\/em><\/span><\/p>\n<ul>\n<li><span style=\"color: #000000;\"><strong>Rosso Corsa F1<\/strong><\/span> <span style=\"color: #000000;\">:<\/span> <span style=\"color: #993300;\"><strong><em>Aficionado French Connection<\/em> <\/strong><\/span>(plus commercialis\u00e9)<\/li>\n<li><span style=\"color: #000000;\"><strong>Pr\u00e9 98 Bubba Kush BX1<\/strong> :<\/span> <strong><span style=\"color: #993300;\"><em>The Cali Connection<\/em><\/span><\/strong> (plus commercialis\u00e9)<\/li>\n<li><span style=\"color: #000000;\"><strong>Cuv\u00e9e F2<\/strong> :<\/span> <span style=\"color: #993300;\"><em><strong>TGA Subcool<\/strong><\/em> <\/span>(plus commercialis\u00e9)<\/li>\n<li><span style=\"color: #000000;\"><strong>Cheese Quake F1<\/strong> :<\/span><strong> <span style=\"color: #993300;\"><em>TGA Subcool<\/em><\/span><\/strong> (plus commercialis\u00e9)<\/li>\n<li><span style=\"color: #000000;\"><strong>Querkle F1<\/strong> :<\/span> <span style=\"color: #993300;\"><strong><em>TGA Subcool<\/em><\/strong><\/span> (plus commercialis\u00e9)<\/li>\n<li><span style=\"color: #000000;\"><strong>Sage &#8216;n Sour<\/strong> <strong>F1<\/strong>:<\/span> <span style=\"color: #993300;\"><strong><em>TH Seeds<\/em><\/strong><\/span><\/li>\n<li><span style=\"color: #000000;\"><strong>Chocolate Chunk F1<\/strong> :<\/span> <strong><em><span style=\"color: #993300;\">TH Seeds<\/span><\/em><\/strong> (plus commercialis\u00e9)<\/li>\n<li><span style=\"color: #000000;\"><strong>A-Train F1<\/strong> :<\/span> <strong><span style=\"color: #993300;\"><em>TH Seeds<\/em><\/span><\/strong> (plus commercialis\u00e9)<\/li>\n<li><span style=\"color: #000000;\"><strong>Amnesia Haze F1<\/strong> :<\/span> <strong><span style=\"color: #993300;\"><em>Soma Seeds\u00a0<\/em><\/span><\/strong><\/li>\n<li><span style=\"color: #000000;\"><strong>Durganchitral F1<\/strong>\u00a0:<\/span> <strong><span style=\"color: #993300;\"><em>Underground Seeds Collective\u00a0<\/em><\/span><\/strong><\/li>\n<li><span style=\"color: #000000;\"><strong>Velvet Krush F5 :<\/strong> <\/span><em><strong><span style=\"color: #993300;\">DJ Short<\/span><\/strong><\/em> (plus commercialis\u00e9)<\/li>\n<li><span style=\"color: #000000;\"><strong>Blueberry F5<\/strong> :<\/span> <strong><span style=\"color: #993300;\"><em>DJ Short\u00a0<\/em><\/span><\/strong><\/li>\n<li><span style=\"color: #000000;\"><strong>Flo F5<\/strong> :<\/span> <strong><span style=\"color: #993300;\"><em>DJ Short<\/em><\/span><\/strong><\/li>\n<li><span style=\"color: #000000;\"><strong>Breeder&#8217;s Choice#1<\/strong> : <\/span><strong><span style=\"color: #993300;\"><em>DJ Short<\/em><\/span><\/strong> (plus commercialis\u00e9)<\/li>\n<li><span style=\"color: #000000;\"><strong>Breeder&#8217;s Choice#2<\/strong>\u00a0: <\/span><strong><span style=\"color: #993300;\"><em>DJ Short<\/em><\/span><\/strong> (plus commercialis\u00e9)<\/li>\n<li><span style=\"color: #000000;\"><strong>Old Time Moonshine F12<\/strong> :<\/span> <span style=\"color: #993300;\"><strong><em>Mosca Seeds<\/em><\/strong><\/span> (plus commercialis\u00e9)<\/li>\n<li><span style=\"color: #000000;\"><strong>Rozay Breath F1<\/strong> :<\/span> <span style=\"color: #993300;\"><strong><em>Relentless Genetics<\/em><\/strong><\/span> (plus commercialis\u00e9)<\/li>\n<li><span style=\"color: #000000;\"><strong>White Linen F1<\/strong> :<\/span> <strong><span style=\"color: #993300;\"><em>Lit Farms<\/em><\/span><\/strong> (plus commercialis\u00e9)<\/li>\n<li><span style=\"color: #000000;\"><strong>Daily Biscotti F1<\/strong> :<\/span> <span style=\"color: #993300;\"><strong><em>Cannarado Genetics<\/em><\/strong><\/span> (plus commercialis\u00e9)<\/li>\n<li><span style=\"color: #000000;\"><strong>Kilimandjaro F1<\/strong> :<\/span> <strong><span style=\"color: #993300;\"><em>World of Seeds<\/em><\/span><\/strong><\/li>\n<\/ul>\n<blockquote>\n<h2 style=\"text-align: center;\"><span style=\"color: #333399;\"><strong>BONNE CHASSE, ARISTODE.<\/strong><\/span><\/h2>\n<\/blockquote>\n","protected":false},"featured_media":9503,"comment_status":"closed","ping_status":"closed","template":"","meta":{"site-sidebar-layout":"default","site-content-layout":"","ast-site-content-layout":"default","site-content-style":"default","site-sidebar-style":"default","ast-global-header-display":"","ast-banner-title-visibility":"","ast-main-header-display":"","ast-hfb-above-header-display":"","ast-hfb-below-header-display":"","ast-hfb-mobile-header-display":"","site-post-title":"","ast-breadcrumbs-content":"","ast-featured-img":"","footer-sml-layout":"","ast-disable-related-posts":"","theme-transparent-header-meta":"default","adv-header-id-meta":"","stick-header-meta":"","header-above-stick-meta":"","header-main-stick-meta":"","header-below-stick-meta":"","astra-migrate-meta-layouts":"set","ast-page-background-enabled":"default","ast-page-background-meta":{"desktop":{"background-color":"","background-image":"","background-repeat":"repeat","background-position":"center center","background-size":"auto","background-attachment":"scroll","background-type":"","background-media":"","overlay-type":"","overlay-color":"","overlay-opacity":"","overlay-gradient":""},"tablet":{"background-color":"","background-image":"","background-repeat":"repeat","background-position":"center center","background-size":"auto","background-attachment":"scroll","background-type":"","background-media":"","overlay-type":"","overlay-color":"","overlay-opacity":"","overlay-gradient":""},"mobile":{"background-color":"","background-image":"","background-repeat":"repeat","background-position":"center center","background-size":"auto","background-attachment":"scroll","background-type":"","background-media":"","overlay-type":"","overlay-color":"","overlay-opacity":"","overlay-gradient":""}},"ast-content-background-meta":{"desktop":{"background-color":"var(--ast-global-color-5)","background-image":"","background-repeat":"repeat","background-position":"center center","background-size":"auto","background-attachment":"scroll","background-type":"","background-media":"","overlay-type":"","overlay-color":"","overlay-opacity":"","overlay-gradient":""},"tablet":{"background-color":"var(--ast-global-color-5)","background-image":"","background-repeat":"repeat","background-position":"center center","background-size":"auto","background-attachment":"scroll","background-type":"","background-media":"","overlay-type":"","overlay-color":"","overlay-opacity":"","overlay-gradient":""},"mobile":{"background-color":"var(--ast-global-color-5)","background-image":"","background-repeat":"repeat","background-position":"center center","background-size":"auto","background-attachment":"scroll","background-type":"","background-media":"","overlay-type":"","overlay-color":"","overlay-opacity":"","overlay-gradient":""}}},"product_brand":[],"product_cat":[59],"product_tag":[],"class_list":{"0":"post-9500","1":"product","2":"type-product","3":"status-publish","4":"has-post-thumbnail","6":"product_cat-regulieres","7":"desktop-align-left","8":"tablet-align-left","9":"mobile-align-left","11":"first","12":"instock","13":"taxable","14":"shipping-taxable","15":"purchasable","16":"product-type-variable"},"_links":{"self":[{"href":"https:\/\/aristodeseedco.fr\/index.php\/wp-json\/wp\/v2\/product\/9500","targetHints":{"allow":["GET"]}}],"collection":[{"href":"https:\/\/aristodeseedco.fr\/index.php\/wp-json\/wp\/v2\/product"}],"about":[{"href":"https:\/\/aristodeseedco.fr\/index.php\/wp-json\/wp\/v2\/types\/product"}],"replies":[{"embeddable":true,"href":"https:\/\/aristodeseedco.fr\/index.php\/wp-json\/wp\/v2\/comments?post=9500"}],"version-history":[{"count":2,"href":"https:\/\/aristodeseedco.fr\/index.php\/wp-json\/wp\/v2\/product\/9500\/revisions"}],"predecessor-version":[{"id":9552,"href":"https:\/\/aristodeseedco.fr\/index.php\/wp-json\/wp\/v2\/product\/9500\/revisions\/9552"}],"wp:featuredmedia":[{"embeddable":true,"href":"https:\/\/aristodeseedco.fr\/index.php\/wp-json\/wp\/v2\/media\/9503"}],"wp:attachment":[{"href":"https:\/\/aristodeseedco.fr\/index.php\/wp-json\/wp\/v2\/media?parent=9500"}],"wp:term":[{"taxonomy":"product_brand","embeddable":true,"href":"https:\/\/aristodeseedco.fr\/index.php\/wp-json\/wp\/v2\/product_brand?post=9500"},{"taxonomy":"product_cat","embeddable":true,"href":"https:\/\/aristodeseedco.fr\/index.php\/wp-json\/wp\/v2\/product_cat?post=9500"},{"taxonomy":"product_tag","embeddable":true,"href":"https:\/\/aristodeseedco.fr\/index.php\/wp-json\/wp\/v2\/product_tag?post=9500"}],"curies":[{"name":"wp","href":"https:\/\/api.w.org\/{rel}","templated":true}]}}